{"id":1771,"date":"2023-01-12T20:34:59","date_gmt":"2023-01-12T20:34:59","guid":{"rendered":"https:\/\/wp-cockpit.de\/?page_id=1771"},"modified":"2023-01-16T09:52:12","modified_gmt":"2023-01-16T09:52:12","slug":"plusminus","status":"publish","type":"page","link":"https:\/\/wp-cockpit.de\/en\/plusminus\/","title":{"rendered":"plusminus"},"content":{"rendered":"\n<p><\/p>\n\n\n\n<h4 class=\"has-text-color wp-block-heading\" style=\"color:#f28007\">F\u00fcr eine bessere Datenlage <\/h4>\n\n\n\n<p class=\"has-primary-color has-text-color has-small-font-size\">Der Plusminus-Beitrag &#8220;<em>W\u00e4rmepumpen als Klimaretter<\/em>&#8221; vom Juli 2021 hinterfragt z.B. Luft-W\u00e4rmepumpen und Installationen in Altbauten als klimarettende Ma\u00dfnahmen. Ein 0,7 Mio. mal geklickter \u201c<a rel=\"noreferrer noopener\" href=\"https:\/\/www.youtube.com\/watch?v=a0jfVEVyomE\" target=\"_blank\">Faktencheck<\/a>\u201d des YouTube-Kanals SHK-Info r\u00fcckt den Beitrag in die N\u00e4he der &#8220;Klatschpresse&#8221;, die &#8220;negative Einzelerfahrungen hochskaliert&#8221;. <\/p>\n\n\n\n<p class=\"has-primary-color has-text-color has-small-font-size\">Im Dezember 2022 titelt die ARD: \u201c<a rel=\"noreferrer noopener\" href=\"https:\/\/www.tagesschau.de\/wirtschaft\/waermepumpe-109.html\" target=\"_blank\">W\u00e4rmepumpe auch ohne Sanierung m\u00f6glich<\/a>\u201c. Agora betitelt die Studie des Fraunhofer ISE und \u00d6ko-Instituts mit \u201c<a rel=\"noreferrer noopener\" href=\"https:\/\/www.agora-energiewende.de\/veroeffentlichungen\/durchbruch-fuer-die-waermepumpe\/\" target=\"_blank\">Durchbruch f\u00fcr die W\u00e4rmepumpe<\/a>\u201d. Die Welt titelt zur gleichen Studie: \u201c<a rel=\"noreferrer noopener\" href=\"https:\/\/www.welt.de\/finanzen\/immobilien\/plus242645755\/Der-Irrglaube-der-Nur-Waermepumpen-Republik.html\" target=\"_blank\">Irrglauben von der Nur-W\u00e4rmepumpen-Republik<\/a>\u201d (Paywall). Es bleiben Fragen zu Kosten, Effizienz, \u00d6kostroml\u00fccke, Qualit\u00e4tssicherung, Klimaschutzbeitrag und Einsatzgrenzen.<\/p>\n\n\n\n<p class=\"has-primary-color has-text-color has-small-font-size\">WP-Cockpit verfolgt das Ziel in der Kontroverse um Marktentwicklung und &#8220;Klimarettung&#8221; die bestm\u00f6gliche Datenlage zu schaffen und diese auf der offenen <a rel=\"noreferrer noopener\" href=\"https:\/\/sustainable-data-platform.org\/\" target=\"_blank\">sustainable data platform<\/a> im Sinne des Gemeinwohls nutzbar zu machen. Erst die breite Generierung und unabh\u00e4ngige Bereitstellung valider Daten erm\u00f6glicht Schl\u00fcsse \u00fcber zuverl\u00e4ssige Schritte zu Klimaneutralit\u00e4t und bezahlbarer Energie. <\/p>\n\n\n\n<hr class=\"wp-block-separator has-alpha-channel-opacity\"\/>\n\n\n\n<h5 class=\"has-normal-font-size wp-block-heading\">Text zum Plusminus-Beitrag: <\/h5>\n\n\n\n<h4 class=\"has-text-color wp-block-heading\" style=\"color:#f28007\">W\u00e4rmepumpen als Klimaretter?<\/h4>\n\n\n\n<p class=\"has-primary-color has-text-color has-small-font-size\">Der Original-Beitrag vom 28.07.2021 ist in der ARD-Mediathek nicht mehr abrufbar. Die Texte zum Plusminus-Beitrag finden sich zur Erl\u00e4uterung des Diskurses nachfolgend.<\/p>\n\n\n\n<p class=\"has-small-font-size\"><strong>Bericht: Reinhard Weber\/BR<\/strong><strong><br>Stand: Juli 2021<\/strong><\/p>\n\n\n\n<p class=\"has-primary-color has-text-color has-small-font-size\" style=\"padding-top:0;padding-right:0;padding-bottom:0;padding-left:0\"><strong>Der Einsatz von W\u00e4rmepumpen im Bestandsbau ist schwierig.<\/strong><\/p>\n\n\n\n<p class=\"has-primary-color has-text-color has-small-font-size\" style=\"padding-top:0;padding-right:0;padding-bottom:0;padding-left:0\"><strong>Verbraucher bekommen exorbitante Stromrechnungen.<\/strong><\/p>\n\n\n\n<p class=\"has-primary-color has-text-color has-small-font-size\" style=\"padding-top:0;padding-right:0;padding-bottom:0;padding-left:0\"><strong>Trotzdem wird der Einbau einer W\u00e4rmepumpe mit bis zu 45 Prozent der Kosten vom Staat gef\u00f6rdert.<\/strong><\/p>\n\n\n\n<p class=\"has-primary-color has-text-color has-small-font-size\" style=\"padding-top:0;padding-right:0;padding-bottom:0;padding-left:0\"><strong>2030 soll es sechs Millionen W\u00e4rmepumpen geben um die Klimawende zu schaffen. Sie k\u00f6nnten aber bis zu zehn Prozent des gesamten Stromverbrauchs ben\u00f6tigen. Niemand wei\u00df, wo dieser Strom herkommen soll.<\/strong><\/p>\n\n\n\n<p class=\"has-primary-color has-text-color has-small-font-size\" style=\"padding-top:0;padding-right:0;padding-bottom:0;padding-left:0\"><strong>Deutschland importiert jede Menge Atomstrom aus Frankreich, um den Bedarf zu decken.<\/strong><\/p>\n\n\n\n<h5 class=\"has-normal-font-size wp-block-heading\"><strong>Exorbitante Stromkosten<\/strong><\/h5>\n\n\n\n<p class=\"has-small-font-size\">Ein Altbau in Brandenburg an der Havel: Eigent\u00fcmerin Birgit Patz wollte was f\u00fcr\u2019s Klima tun und entschied, eine W\u00e4rmepumpe einzubauen. Diese l\u00e4uft mit Strom, ist teurer als ein \u00d6l- oder Gas-Kessel, heizt aber daf\u00fcr vor Ort CO2-frei.<\/p>\n\n\n\n<p class=\"has-small-font-size\">Birgit Patz war es das wert. Doch nach der ersten Heizperiode kam die gro\u00dfe Entt\u00e4uschung. Die urspr\u00fcngliche Idee, das Haus effizient und nachhaltig zu heizen, sei genau ins Gegenteil gekehrt worden. Die Anlage laufe ineffizient, fresse sehr sehr viel Strom und w\u00fcrde nichts von dem halten, was versprochen war.<\/p>\n\n\n\n<p class=\"has-small-font-size\">Birgit Patz hat monatlich rund 400 Euro Stromkosten nur f\u00fcr ihre Luft-Wasser-W\u00e4rmepumpe, prognostiziert waren etwa 100 Euro monatlich. Dazu wurde es im Winter nicht mal richtig warm. Birgit Patz berichtet von 15 bis 18 Grad, die sie sich auch schon von Fachleuten dokumentieren lies. Diese Heizung will sie nicht mehr und hat den Heizungsbauer verklagt. Das Landgericht Potsdam hat nun entschieden, er muss die W\u00e4rmepumpe zur\u00fcckbauen und den Neupreis erstatten. Der Heizungsbauer allerdings geht in Berufung.<\/p>\n\n\n\n<h5 class=\"has-normal-font-size wp-block-heading\">Ein Systemfehler?&nbsp;<\/h5>\n\n\n\n<figure class=\"wp-block-image size-full is-style-default\"><img loading=\"lazy\" decoding=\"async\" width=\"605\" height=\"340\" src=\"https:\/\/wp-cockpit.de\/wp-content\/uploads\/2023\/01\/Bild4.jpg\" alt=\"\" class=\"wp-image-1758\" srcset=\"https:\/\/wp-cockpit.de\/wp-content\/uploads\/2023\/01\/Bild4.jpg 605w, https:\/\/wp-cockpit.de\/wp-content\/uploads\/2023\/01\/Bild4-300x169.jpg 300w\" sizes=\"auto, (max-width: 605px) 100vw, 605px\" \/><figcaption class=\"wp-element-caption\">Funktionsweise von W\u00e4rmepumpen&nbsp;|&nbsp;Bild: BR<\/figcaption><\/figure>\n\n\n\n<p class=\"has-small-font-size\">Wie funktioniert eine Luft-Wasser-W\u00e4rmepumpe? Au\u00dfenluft wird angesaugt. Die in der Luft enthaltene W\u00e4rmeenergie speist einen Kreislauf. Darin wird ein K\u00e4ltemittel erw\u00e4rmt und mit Strom zu Gas komprimiert. Dadurch entsteht mehr W\u00e4rme, die dann das Wasser des Heizkreislaufs und das Warmwasser im Haus erhitzt. Doch im Winter, wenn die Luft kalt ist, funktioniert der Kreislauf kaum, das Wasser wird dann mit einer Art Tauchsieder mit viel Strom zus\u00e4tzlich aufgeheizt, um die n\u00f6tigen Temperaturen zu erreichen.<\/p>\n\n\n\n<figure class=\"wp-block-image size-full is-style-default\"><img loading=\"lazy\" decoding=\"async\" width=\"512\" height=\"288\" src=\"https:\/\/wp-cockpit.de\/wp-content\/uploads\/2023\/01\/Bild5.jpg\" alt=\"\" class=\"wp-image-1759\" srcset=\"https:\/\/wp-cockpit.de\/wp-content\/uploads\/2023\/01\/Bild5.jpg 512w, https:\/\/wp-cockpit.de\/wp-content\/uploads\/2023\/01\/Bild5-300x169.jpg 300w\" sizes=\"auto, (max-width: 512px) 100vw, 512px\" \/><figcaption class=\"wp-element-caption\">Radiatorheizk\u00f6rper |&nbsp;Bild: BR<\/figcaption><\/figure>\n\n\n\n<p class=\"has-small-font-size\">Die meisten W\u00e4rmepumpen erreichen f\u00fcr das Wasser im Heizkreislauf nur rund 40 Grad. F\u00fcr Fu\u00dfbodenheizungen im Neubau ist das ausreichend, sonst w\u00fcrde man sich die F\u00fc\u00dfe verbrennen. Doch herk\u00f6mmliche Radiatorheizk\u00f6rper im Alt- und Bestandsbau laufen mit Wassertemperaturen um die 60 bis 70 Grad. Um die zu erreichen, braucht es dann mehr Strom. Und die Anlage arbeitet unwirtschaftlicher.<\/p>\n\n\n\n<h5 class=\"has-normal-font-size wp-block-heading\">Die Werbeversprechen<\/h5>\n\n\n\n<p class=\"has-small-font-size\">Der Bundesverband W\u00e4rmepumpe wirbt auf seiner Internetseite f\u00fcr das Modernisieren mit W\u00e4rmepumpe und behauptet: &#8220;Na klar geht das!&#8221;<\/p>\n\n\n\n<h5 class=\"has-normal-font-size wp-block-heading\">Der Haken an der Sache<\/h5>\n\n\n\n<figure class=\"wp-block-image size-full is-style-default\"><img loading=\"lazy\" decoding=\"async\" width=\"512\" height=\"288\" src=\"https:\/\/wp-cockpit.de\/wp-content\/uploads\/2023\/01\/Bild6.jpg\" alt=\"\" class=\"wp-image-1760\" srcset=\"https:\/\/wp-cockpit.de\/wp-content\/uploads\/2023\/01\/Bild6.jpg 512w, https:\/\/wp-cockpit.de\/wp-content\/uploads\/2023\/01\/Bild6-300x169.jpg 300w\" sizes=\"auto, (max-width: 512px) 100vw, 512px\" \/><figcaption class=\"wp-element-caption\">Honorarprofessor Klaus Knoll&nbsp;|&nbsp;Bild: BR<\/figcaption><\/figure>\n\n\n\n<p class=\"has-small-font-size\">Honorarprofessor Klaus Knoll lehrt Energie- und Heizungstechnik an der staatlichen Akademie Risa in der N\u00e4he von Leipzig. Er sagt: &#8220;Der Einsatz von W\u00e4rmepumpen in Bestandsgeb\u00e4uden ist kompliziert und nicht ohne Konsequenzen machbar. Die Heizk\u00f6rper sind auf h\u00f6here Temperaturen ausgelegt, wenn man das Heizungssystem mit geringeren Temperaturen versorgt, m\u00fcssten die Heizk\u00f6rper vergr\u00f6\u00dfert werden.&#8221;<\/p>\n\n\n\n<p class=\"has-small-font-size\">Oder es m\u00fcsse sogar parallel ein zweites Heizsystem zur Unterst\u00fctzung im Winter installiert werden wie zum Beispiel ein Gas-Brennwertkessel, so Knoll.<\/p>\n\n\n\n<h5 class=\"has-normal-font-size wp-block-heading\">Der Feldtest<\/h5>\n\n\n\n<figure class=\"wp-block-image size-full is-style-default\"><img loading=\"lazy\" decoding=\"async\" width=\"512\" height=\"288\" src=\"https:\/\/wp-cockpit.de\/wp-content\/uploads\/2023\/01\/Bild7.jpg\" alt=\"\" class=\"wp-image-1761\" srcset=\"https:\/\/wp-cockpit.de\/wp-content\/uploads\/2023\/01\/Bild7.jpg 512w, https:\/\/wp-cockpit.de\/wp-content\/uploads\/2023\/01\/Bild7-300x169.jpg 300w\" sizes=\"auto, (max-width: 512px) 100vw, 512px\" \/><figcaption class=\"wp-element-caption\">W\u00e4rmepumpe im Keller&nbsp;|&nbsp;Bild: BR<\/figcaption><\/figure>\n\n\n\n<p class=\"has-small-font-size\">Dr. Werner Neumann vom BUND hat mit unabh\u00e4ngigen Experten aus dem Schwarzwald zahlreiche W\u00e4rmepumpen in Bestandsbauten auf ihre Leistung getestet, also wie viel W\u00e4rme herauskommt f\u00fcr wie viel Einsatz von Strom. Das Ergebnis: normalerweise sollte aus dem Strom die vierfache Menge W\u00e4rme erzeugt werden, aber in vielen F\u00e4llen sei nur das 2,5 bis dreifache erreicht worden, die Hersteller verspr\u00e4chen da meistens mehr, als wirklich herauskomme. Die Verbraucher k\u00f6nnten es nicht genau kontrollieren und das bedeute, dass letztendlich die Verbraucher mehr Stromkosten haben als erwartet.<\/p>\n\n\n\n<h5 class=\"has-normal-font-size wp-block-heading\">Verfehlte F\u00f6rderpolitik?<\/h5>\n\n\n\n<p class=\"has-small-font-size\">Trotz der Kritik wird der Einbau einer W\u00e4rmepumpe im Altbau stark gef\u00f6rdert. Es gibt sogar noch einen extra Bonus, wenn man eine \u00d6lheizung daf\u00fcr austauscht. Der Staat \u00fcbernimmt dann 45 Prozent der Kosten. Ein Anreiz, der Immobilieneigent\u00fcmer wom\u00f6glich verleitet, unwirtschaftliche W\u00e4rmepumpen einzubauen.<\/p>\n\n\n\n<figure class=\"wp-block-image size-full is-style-default\"><img loading=\"lazy\" decoding=\"async\" width=\"512\" height=\"288\" src=\"https:\/\/wp-cockpit.de\/wp-content\/uploads\/2023\/01\/Bild8.jpg\" alt=\"\" class=\"wp-image-1762\" srcset=\"https:\/\/wp-cockpit.de\/wp-content\/uploads\/2023\/01\/Bild8.jpg 512w, https:\/\/wp-cockpit.de\/wp-content\/uploads\/2023\/01\/Bild8-300x169.jpg 300w\" sizes=\"auto, (max-width: 512px) 100vw, 512px\" \/><figcaption class=\"wp-element-caption\">Heinz Fischer, Heizungsbauer |&nbsp;Bild: BR<\/figcaption><\/figure>\n\n\n\n<p class=\"has-small-font-size\">Heinz Fischer, Heizungsbauer und Innungsvorstand in M\u00fcnchen, kritisiert die F\u00f6rderpraxis. Bei dem F\u00f6rderantrag f\u00fcr die erneuerbaren Energien trage er die Effizienzklasse der Pumpe ein, die k\u00e4me vom Hersteller. Unter Laborbedingungen w\u00fcrden die Pumpen getestet auf verschiedene Temperaturen und Au\u00dfentemperaturen. Doch mit der wirklichen Effizienz der am Ende im Haus eingebauten Pumpe h\u00e4tte das wenig zu tun, so Fischer. F\u00fcr den Verbraucher h\u00e4tte es die Konsequenz, dass die Pumpe nicht auf die Heizungsanlage im Haus abgestimmt sei, und dann die Werte von der Pumpe auch nicht stimmten.<\/p>\n\n\n\n<h5 class=\"has-normal-font-size wp-block-heading\">Fehlende Kontrolle<\/h5>\n\n\n\n<p class=\"has-small-font-size\">Prof. Klaus Knoll erkl\u00e4rt, an den ausgef\u00fchrten Anlagen sei f\u00fcr den Privatmann die Kontrolle der Effizienz kaum m\u00f6glich. Die W\u00e4rmemengenz\u00e4hler w\u00fcrden bei Einfamilienh\u00e4usern in der Regel nicht eingebaut.<\/p>\n\n\n\n<h5 class=\"has-normal-font-size wp-block-heading\">Wie reagiert die Politik?<\/h5>\n\n\n\n<p class=\"has-small-font-size\">Plusminus bittet das Bundeswirtschaftsministerium um Stellungnahme, warum f\u00f6rdert man ineffiziente Anlagen und warum gibt es keine verpflichtende Kontrolle der Effizienz? Die Antwort: &#8220;Es herrscht wissenschaftlicher Konsens \u00fcber die Bedeutung von W\u00e4rmepumpen f\u00fcr die Dekarbonisierung des Geb\u00e4udebereichs. \u2026 Gef\u00f6rderte W\u00e4rmepumpen m\u00fcssen bis sp\u00e4testens 1. Januar 2023 mit einer Energieverbrauchs- und Effizienzanzeige ausgestattet sein, so dass der effiziente Betrieb der Anlage \u00fcberpr\u00fcft werden kann.&#8221;<\/p>\n\n\n\n<h5 class=\"has-normal-font-size wp-block-heading\">Wo soll der Strom f\u00fcr die W\u00e4rmepumpen herkommen?<\/h5>\n\n\n\n<p class=\"has-small-font-size\">Der Thinktank Agora Energiewende, mitfinanziert vom Bundeswirtschaftsministerium, propagiert den Einbau von sechs Millionen W\u00e4rmepumpen bis 2030, um die Klimaziele des Bundes zu erreichen. Der BUND rechnet vor, bei sechs Millionen W\u00e4rmepumpen brauche man je nach Effizienz der Anlagen bis zu 48 Terawattstunden Strom pro Jahr. Das ist ein zehntel des Gesamtstromverbrauchs der Bundesrepublik.<\/p>\n\n\n\n<figure class=\"wp-block-image size-full is-style-default\"><img loading=\"lazy\" decoding=\"async\" width=\"605\" height=\"340\" src=\"https:\/\/wp-cockpit.de\/wp-content\/uploads\/2023\/01\/Bild9.jpg\" alt=\"\" class=\"wp-image-1763\" srcset=\"https:\/\/wp-cockpit.de\/wp-content\/uploads\/2023\/01\/Bild9.jpg 605w, https:\/\/wp-cockpit.de\/wp-content\/uploads\/2023\/01\/Bild9-300x169.jpg 300w\" sizes=\"auto, (max-width: 605px) 100vw, 605px\" \/><figcaption class=\"wp-element-caption\">Erzeugter Strom in Deutschland&nbsp;|&nbsp;Bild: BR<\/figcaption><\/figure>\n\n\n\n<p class=\"has-small-font-size\">Und nur wenn daf\u00fcr erneuerbare Energien verwendet w\u00fcrden, w\u00e4ren W\u00e4rmepumpen CO2 frei. Doch der in Deutschland aus erneuerbaren Energien erzeugte Strom machte 2020 lediglich einen Anteil von 47 Prozent der Gesamtproduktion aus.<\/p>\n\n\n\n<figure class=\"wp-block-image size-full is-style-default\"><img loading=\"lazy\" decoding=\"async\" width=\"512\" height=\"288\" src=\"https:\/\/wp-cockpit.de\/wp-content\/uploads\/2023\/01\/Bild10.jpg\" alt=\"\" class=\"wp-image-1764\" srcset=\"https:\/\/wp-cockpit.de\/wp-content\/uploads\/2023\/01\/Bild10.jpg 512w, https:\/\/wp-cockpit.de\/wp-content\/uploads\/2023\/01\/Bild10-300x169.jpg 300w\" sizes=\"auto, (max-width: 512px) 100vw, 512px\" \/><figcaption class=\"wp-element-caption\">Energieexperte Werner Dor\u00df&nbsp;|&nbsp;Bild: BR<\/figcaption><\/figure>\n\n\n\n<p class=\"has-small-font-size\">Der Energieexperte Werner Dor\u00df erkl\u00e4rt, wenn der Wind nicht weht und die Sonne nicht scheint, importiert Deutschland gro\u00dfe Mengen Strom, um den Bedarf zu decken. Er sagt: &#8220;Im Moment kaufen wir den meisten Strom von den Franzosen, aber das ist zu 70 Prozent Atomstrom, das hei\u00dft, wir kaufen das ein, was wir zuvor bei uns selbst abgeschaltet haben.&#8221; Zudem sei der Strompreis in Deutschland doppelt so hoch wie in Polen oder Frankreich, dort zahle ein W\u00e4rmepumpenbetreiber also die H\u00e4lfte.<\/p>\n\n\n\n<p class=\"has-primary-color has-text-color has-small-font-size\"><strong>Bericht: Reinhard Weber\/BR<br>Stand: Juli 2021<\/strong><\/p>\n","protected":false},"excerpt":{"rendered":"<p>F\u00fcr eine bessere Datenlage Der Plusminus-Beitrag &#8220;W\u00e4rmepumpen als Klimaretter&#8221; vom Juli 2021 hinterfragt z.B. Luft-W\u00e4rmepumpen und Installationen in Altbauten als klimarettende Ma\u00dfnahmen. Ein 0,7 Mio. mal geklickter \u201cFaktencheck\u201d des YouTube-Kanals SHK-Info r\u00fcckt den Beitrag in die N\u00e4he der &#8220;Klatschpresse&#8221;, die &#8220;negative Einzelerfahrungen hochskaliert&#8221;. Im Dezember 2022 titelt die ARD: \u201cW\u00e4rmepumpe auch ohne Sanierung m\u00f6glich\u201c. Agora<a class=\"more-link\" href=\"https:\/\/wp-cockpit.de\/en\/plusminus\/\">Continue reading <span class=\"screen-reader-text\">&#8220;plusminus&#8221;<\/span><\/a><\/p>\n","protected":false},"author":4,"featured_media":0,"parent":0,"menu_order":0,"comment_status":"closed","ping_status":"closed","template":"","meta":{"inline_featured_image":false,"footnotes":""},"class_list":["post-1771","page","type-page","status-publish","hentry","entry"],"translation":{"provider":"WPGlobus","version":"3.0.0","language":"en","enabled_languages":["de","en"],"languages":{"de":{"title":true,"content":true,"excerpt":false},"en":{"title":false,"content":false,"excerpt":false}}},"_links":{"self":[{"href":"https:\/\/wp-cockpit.de\/en\/wp-json\/wp\/v2\/pages\/1771","targetHints":{"allow":["GET"]}}],"collection":[{"href":"https:\/\/wp-cockpit.de\/en\/wp-json\/wp\/v2\/pages"}],"about":[{"href":"https:\/\/wp-cockpit.de\/en\/wp-json\/wp\/v2\/types\/page"}],"author":[{"embeddable":true,"href":"https:\/\/wp-cockpit.de\/en\/wp-json\/wp\/v2\/users\/4"}],"replies":[{"embeddable":true,"href":"https:\/\/wp-cockpit.de\/en\/wp-json\/wp\/v2\/comments?post=1771"}],"version-history":[{"count":23,"href":"https:\/\/wp-cockpit.de\/en\/wp-json\/wp\/v2\/pages\/1771\/revisions"}],"predecessor-version":[{"id":1870,"href":"https:\/\/wp-cockpit.de\/en\/wp-json\/wp\/v2\/pages\/1771\/revisions\/1870"}],"wp:attachment":[{"href":"https:\/\/wp-cockpit.de\/en\/wp-json\/wp\/v2\/media?parent=1771"}],"curies":[{"name":"wp","href":"https:\/\/api.w.org\/{rel}","templated":true}]}}